{"id":2575,"date":"2026-01-29T21:41:44","date_gmt":"2026-01-29T21:41:44","guid":{"rendered":"https:\/\/meio.eco.br\/inicio\/?page_id=2575"},"modified":"2026-01-30T13:49:00","modified_gmt":"2026-01-30T13:49:00","slug":"pacto-meio-pela-humanidade-civilidade-e-verdade","status":"publish","type":"page","link":"https:\/\/meio.eco.br\/inicio\/pacto-meio-pela-humanidade-civilidade-e-verdade\/","title":{"rendered":"PACTO MeiO PELA HUMANIDADE, CIVILIDADE E VERDADE"},"content":{"rendered":"\t\t<div data-elementor-type=\"wp-page\" data-elementor-id=\"2575\" class=\"elementor elementor-2575\" data-elementor-post-type=\"page\">\n\t\t\t\t<div class=\"elementor-element elementor-element-c98a288 e-flex e-con-boxed e-con e-parent\" data-id=\"c98a288\" data-element_type=\"container\" data-e-type=\"container\">\n\t\t\t\t\t<div class=\"e-con-inner\">\n\t\t\t\t<div class=\"elementor-element elementor-element-d595848 elementor-widget elementor-widget-heading\" data-id=\"d595848\" data-element_type=\"widget\" data-e-type=\"widget\" data-widget_type=\"heading.default\">\n\t\t\t\t\t<h2 class=\"elementor-heading-title elementor-size-default\">PACTO MeiO PELA HUMANIDADE, CIVILIDADE E VERDADE<\/h2>\t\t\t\t<\/div>\n\t\t\t\t\t<\/div>\n\t\t\t\t<\/div>\n\t\t<div class=\"elementor-element elementor-element-63b791c e-con-full e-flex e-con e-parent\" data-id=\"63b791c\" data-element_type=\"container\" data-e-type=\"container\">\n\t\t\t\t<div class=\"elementor-element elementor-element-20d2b8b elementor-widget-divider--view-line elementor-widget elementor-widget-divider\" data-id=\"20d2b8b\" data-element_type=\"widget\" data-e-type=\"widget\" data-widget_type=\"divider.default\">\n\t\t\t\t\t\t\t<div class=\"elementor-divider\">\n\t\t\t<span class=\"elementor-divider-separator\">\n\t\t\t\t\t\t<\/span>\n\t\t<\/div>\n\t\t\t\t\t\t<\/div>\n\t\t\t\t<div class=\"elementor-element elementor-element-49a8095 elementor-widget elementor-widget-image\" data-id=\"49a8095\" data-element_type=\"widget\" data-e-type=\"widget\" data-widget_type=\"image.default\">\n\t\t\t\t\t\t\t\t\t\t\t\t\t\t\t<img fetchpriority=\"high\" decoding=\"async\" width=\"1024\" height=\"297\" src=\"https:\/\/meio.eco.br\/inicio\/wp-content\/uploads\/2026\/01\/oie_5E1JsN0Goxb7-1024x297.png\" class=\"attachment-large size-large wp-image-2607\" alt=\"\" srcset=\"https:\/\/meio.eco.br\/inicio\/wp-content\/uploads\/2026\/01\/oie_5E1JsN0Goxb7-1024x297.png 1024w, https:\/\/meio.eco.br\/inicio\/wp-content\/uploads\/2026\/01\/oie_5E1JsN0Goxb7-300x87.png 300w, https:\/\/meio.eco.br\/inicio\/wp-content\/uploads\/2026\/01\/oie_5E1JsN0Goxb7-768x223.png 768w, https:\/\/meio.eco.br\/inicio\/wp-content\/uploads\/2026\/01\/oie_5E1JsN0Goxb7.png 1074w\" sizes=\"(max-width: 1024px) 100vw, 1024px\" \/>\t\t\t\t\t\t\t\t\t\t\t\t\t\t\t<\/div>\n\t\t\t\t<\/div>\n\t\t<div class=\"elementor-element elementor-element-4c7237f3 e-con-full e-flex e-con e-parent\" data-id=\"4c7237f3\" data-element_type=\"container\" data-e-type=\"container\">\n\t\t\t\t<div class=\"elementor-element elementor-element-562ce80a elementor-widget elementor-widget-text-editor\" data-id=\"562ce80a\" data-element_type=\"widget\" data-e-type=\"widget\" data-widget_type=\"text-editor.default\">\n\t\t\t\t\t\t\t\t\t<p align=\"left\"><span style=\"color: #000000;\"><strong>1) Pacto de Humanidade<\/strong><\/span><\/p><p align=\"left\"><span style=\"color: #000000;\">Eu me comprometo a n\u00e3o desumanizar ningu\u00e9m por discordar de mim.<\/span><\/p><p align=\"left\"><span style=\"color: #000000;\">Eu n\u00e3o vou chamar pessoas, grupos ou institui\u00e7\u00f5es por apelidos degradantes, nem usar palavras que humilham, inferiorizam ou incitam \u00f3dio.<\/span><\/p><p align=\"left\"><span style=\"color: #000000;\">Eu escolho discordar sem ferir.<\/span><\/p><p align=\"left\"><span style=\"color: #000000;\">Eu escolho preservar o humano, mesmo diante da diverg\u00eancia.<\/span><\/p><p align=\"left\"><span style=\"color: #000000;\"><strong>2) Pacto com a Verdade (como eu lido com informa\u00e7\u00e3o)<\/strong><\/span><\/p><p align=\"left\"><span style=\"color: #000000;\">Eu me comprometo a respeitar a verdade acima do impulso de vencer uma discuss\u00e3o.<\/span><\/p><p align=\"left\"><span style=\"color: #000000;\">Antes de compartilhar qualquer conte\u00fado, eu vou checar.<\/span><\/p><p align=\"left\"><span style=\"color: #000000;\">Se eu perceber que compartilhei algo falso, eu vou corrigir publicamente.<\/span><\/p><p align=\"left\"><span style=\"color: #000000;\">Eu n\u00e3o vou \u201cdeixar passar\u201d desinforma\u00e7\u00e3o porque favorece o meu lado.<\/span><\/p><p align=\"left\"><span style=\"color: #000000;\">Eu escolho ser parte da solu\u00e7\u00e3o \u2014 n\u00e3o do problema.<\/span><\/p><p align=\"left\"><span style=\"color: #000000;\"><strong>3) Pacto de Civilidade e Respeito (como eu uso a palavra)<\/strong><\/span><\/p><p align=\"left\"><span style=\"color: #000000;\">Eu me comprometo a defender o direito de divergir com respeito.<\/span><\/p><p align=\"left\"><span style=\"color: #000000;\">Eu posso ser firme \u2014 sem ser agressivo.<\/span><\/p><p align=\"left\"><span style=\"color: #000000;\">Eu n\u00e3o vou usar gritos, sarcasmo cruel, humilha\u00e7\u00e3o ou viol\u00eancia verbal como estrat\u00e9gia.<\/span><\/p><p align=\"left\"><span style=\"color: #000000;\">Eu vou argumentar com dignidade \u2014 e n\u00e3o com ataque.<\/span><\/p><p align=\"left\"><span style=\"color: #000000;\">Eu escolho elevar o di\u00e1logo, mesmo quando o ambiente pede guerra.<\/span><\/p><p align=\"left\"><span style=\"color: #000000;\"><strong>4) Pacto de Prote\u00e7\u00e3o e Conviv\u00eancia (o que eu n\u00e3o aceito alimentar)<\/strong><\/span><\/p><p align=\"left\"><span style=\"color: #000000;\">Eu me comprometo a n\u00e3o estimular persegui\u00e7\u00e3o, amea\u00e7a, exposi\u00e7\u00e3o, intimida\u00e7\u00e3o ou linchamento moral contra nenhuma pessoa, fam\u00edlia ou grupo.<\/span><\/p><p align=\"left\"><span style=\"color: #000000;\">Eu entendo que pol\u00edtica n\u00e3o \u00e9 licen\u00e7a para ferir.<\/span><\/p><p align=\"left\"><span style=\"color: #000000;\">Eu tamb\u00e9m me comprometo a n\u00e3o transformar lares, amizades, empresas e comunidades em trincheiras.<\/span><\/p><p align=\"left\"><span style=\"color: #000000;\">Eu n\u00e3o vou pressionar ningu\u00e9m a escolher lados para poder pertencer.<\/span><\/p><p align=\"left\"><span style=\"color: #000000;\">Eu escolho proteger pessoas e preservar pontes \u2014 inclusive com quem pensa diferente.<\/span><\/p><p align=\"left\">\u00a0<\/p>\t\t\t\t\t\t\t\t<\/div>\n\t\t\t\t<\/div>\n\t\t<div class=\"elementor-element elementor-element-a2a9f96 e-flex e-con-boxed e-con e-parent\" data-id=\"a2a9f96\" data-element_type=\"container\" data-e-type=\"container\">\n\t\t\t\t\t<div class=\"e-con-inner\">\n\t\t\t\t<div class=\"elementor-element elementor-element-4104add elementor-button-warning elementor-align-center elementor-widget elementor-widget-button\" data-id=\"4104add\" data-element_type=\"widget\" data-e-type=\"widget\" data-widget_type=\"button.default\">\n\t\t\t\t\t\t\t\t\t\t<a class=\"elementor-button elementor-button-link elementor-size-sm\" href=\"#elementor-action%3Aaction%3Dpopup%3Aopen%26settings%3DeyJpZCI6IjI2MTQiLCJ0b2dnbGUiOmZhbHNlfQ%3D%3D\" target=\"_blank\">\n\t\t\t\t\t\t<span class=\"elementor-button-content-wrapper\">\n\t\t\t\t\t\t\t\t\t<span class=\"elementor-button-text\">Eu me Comprometo!<\/span>\n\t\t\t\t\t<\/span>\n\t\t\t\t\t<\/a>\n\t\t\t\t\t\t\t\t<\/div>\n\t\t\t\t\t<\/div>\n\t\t\t\t<\/div>\n\t\t\t\t<\/div>\n\t\t","protected":false},"excerpt":{"rendered":"<p>PACTO MeiO PELA HUMANIDADE, CIVILIDADE E VERDADE 1) Pacto de Humanidade Eu me comprometo a n\u00e3o desumanizar ningu\u00e9m por discordar de mim. Eu n\u00e3o vou chamar pessoas, grupos ou institui\u00e7\u00f5es por apelidos degradantes, nem usar palavras que humilham, inferiorizam ou incitam \u00f3dio. Eu escolho discordar sem ferir. Eu escolho preservar o humano, mesmo diante da&hellip;<\/p>\n","protected":false},"author":1,"featured_media":0,"parent":0,"menu_order":0,"comment_status":"closed","ping_status":"closed","template":"","meta":{"footnotes":""},"class_list":["post-2575","page","type-page","status-publish","format-standard","hentry"],"_links":{"self":[{"href":"https:\/\/meio.eco.br\/inicio\/wp-json\/wp\/v2\/pages\/2575","targetHints":{"allow":["GET"]}}],"collection":[{"href":"https:\/\/meio.eco.br\/inicio\/wp-json\/wp\/v2\/pages"}],"about":[{"href":"https:\/\/meio.eco.br\/inicio\/wp-json\/wp\/v2\/types\/page"}],"author":[{"embeddable":true,"href":"https:\/\/meio.eco.br\/inicio\/wp-json\/wp\/v2\/users\/1"}],"replies":[{"embeddable":true,"href":"https:\/\/meio.eco.br\/inicio\/wp-json\/wp\/v2\/comments?post=2575"}],"version-history":[{"count":25,"href":"https:\/\/meio.eco.br\/inicio\/wp-json\/wp\/v2\/pages\/2575\/revisions"}],"predecessor-version":[{"id":2623,"href":"https:\/\/meio.eco.br\/inicio\/wp-json\/wp\/v2\/pages\/2575\/revisions\/2623"}],"wp:attachment":[{"href":"https:\/\/meio.eco.br\/inicio\/wp-json\/wp\/v2\/media?parent=2575"}],"curies":[{"name":"wp","href":"https:\/\/api.w.org\/{rel}","templated":true}]}}